{"id":4536,"date":"2025-07-17T16:37:42","date_gmt":"2025-07-17T15:37:42","guid":{"rendered":"https:\/\/mangiamoibiza.com\/producto\/mezze-maniche-igp-liguori-500gr\/"},"modified":"2025-07-17T16:37:42","modified_gmt":"2025-07-17T15:37:42","slug":"mezze-maniche-igp-liguori-500gr","status":"publish","type":"product","link":"https:\/\/mangiamoibiza.com\/en\/producto\/mezze-maniche-igp-liguori-500gr\/","title":{"rendered":"Mezze maniche IGP Liguori 500gr"},"content":{"rendered":"<div class=\"w-full xl:max-w-lg self-end row-start-1 col-start-1 xl:row-span-1 xl:row-start-1 xl:col-start-3\">\n<header class=\"px-4 py-4 h-full flex flex-col justify-center\">\n<div class=\"mt-6\">Pasta corta de s\u00e9mola de trigo Gragnano IGP. Producida con moldes de bronce que le aportan rugosidad, lo que permite retener m\u00e1s cantidad de salsa. Contiene un alto porcentaje de prote\u00edna y, en consecuencia, la pasta aguanta mucho mejor la cocci\u00f3n y el punto dente. El proceso de secado es muy lento, por ello se consigue m\u00e1s sabor y resistencia de rotura durante la cocci\u00f3n.<\/div>\n<\/header>\n<\/div>\n","protected":false},"excerpt":{"rendered":"<p>Pasta corta de s\u00e9mola de trigo Gragnano IGP. Producida con moldes de bronce que le aportan rugosidad, lo que permite retener m\u00e1s cantidad de salsa. Contiene un alto porcentaje de prote\u00edna y, en consecuencia, la pasta aguanta mucho mejor la cocci\u00f3n y el punto dente. El proceso de secado es muy lento, por ello se [&hellip;]<\/p>\n","protected":false},"featured_media":4535,"template":"","meta":{"_acf_changed":false},"food-allergen-taxonomy":[],"product_brand":[],"product_cat":[115],"product_tag":[],"class_list":{"0":"post-4536","1":"product","2":"type-product","3":"status-publish","4":"has-post-thumbnail","6":"product_cat-dry-pasta","8":"first","9":"instock","10":"taxable","11":"shipping-taxable","12":"purchasable","13":"product-type-simple"},"acf":[],"yoast_head":"<!-- This site is optimized with the Yoast SEO plugin v27.4 - https:\/\/yoast.com\/product\/yoast-seo-wordpress\/ -->\n<title>Mezze maniche IGP Liguori 500gr - Mangiamo Ibiza<\/title>\n<meta name=\"robots\" content=\"index, follow, max-snippet:-1, max-image-preview:large, max-video-preview:-1\" \/>\n<link rel=\"canonical\" href=\"https:\/\/mangiamoibiza.com\/producto\/mezze-maniche-igp-liguori-500gr\/\" \/>\n<meta property=\"og:locale\" content=\"en_US\" \/>\n<meta property=\"og:type\" content=\"article\" \/>\n<meta property=\"og:title\" content=\"Mezze maniche IGP Liguori 500gr - Mangiamo Ibiza\" \/>\n<meta property=\"og:description\" content=\"Pasta corta de s\u00e9mola de trigo Gragnano IGP. Producida con moldes de bronce que le aportan rugosidad, lo que permite retener m\u00e1s cantidad de salsa. Contiene un alto porcentaje de prote\u00edna y, en consecuencia, la pasta aguanta mucho mejor la cocci\u00f3n y el punto dente. El proceso de secado es muy lento, por ello se [&hellip;]\" \/>\n<meta property=\"og:url\" content=\"https:\/\/mangiamoibiza.com\/producto\/mezze-maniche-igp-liguori-500gr\/\" \/>\n<meta property=\"og:site_name\" content=\"Mangiamo Ibiza\" \/>\n<meta property=\"og:image\" content=\"https:\/\/mangiamoibiza.com\/wp-content\/uploads\/Captura-de-pantalla-11-e1752766875820.png\" \/>\n\t<meta property=\"og:image:width\" content=\"355\" \/>\n\t<meta property=\"og:image:height\" content=\"510\" \/>\n\t<meta property=\"og:image:type\" content=\"image\/png\" \/>\n<meta name=\"twitter:card\" content=\"summary_large_image\" \/>\n<script type=\"application\/ld+json\" class=\"yoast-schema-graph\">{\"@context\":\"https:\\\/\\\/schema.org\",\"@graph\":[{\"@type\":\"WebPage\",\"@id\":\"https:\\\/\\\/mangiamoibiza.com\\\/producto\\\/mezze-maniche-igp-liguori-500gr\\\/\",\"url\":\"https:\\\/\\\/mangiamoibiza.com\\\/producto\\\/mezze-maniche-igp-liguori-500gr\\\/\",\"name\":\"Mezze maniche IGP Liguori 500gr - Mangiamo Ibiza\",\"isPartOf\":{\"@id\":\"https:\\\/\\\/mangiamoibiza.com\\\/#website\"},\"primaryImageOfPage\":{\"@id\":\"https:\\\/\\\/mangiamoibiza.com\\\/producto\\\/mezze-maniche-igp-liguori-500gr\\\/#primaryimage\"},\"image\":{\"@id\":\"https:\\\/\\\/mangiamoibiza.com\\\/producto\\\/mezze-maniche-igp-liguori-500gr\\\/#primaryimage\"},\"thumbnailUrl\":\"https:\\\/\\\/mangiamoibiza.com\\\/wp-content\\\/uploads\\\/Captura-de-pantalla-11-e1752766875820.png\",\"datePublished\":\"2025-07-17T15:37:42+00:00\",\"breadcrumb\":{\"@id\":\"https:\\\/\\\/mangiamoibiza.com\\\/producto\\\/mezze-maniche-igp-liguori-500gr\\\/#breadcrumb\"},\"inLanguage\":\"en-US\",\"potentialAction\":[{\"@type\":\"ReadAction\",\"target\":[\"https:\\\/\\\/mangiamoibiza.com\\\/producto\\\/mezze-maniche-igp-liguori-500gr\\\/\"]}]},{\"@type\":\"ImageObject\",\"inLanguage\":\"en-US\",\"@id\":\"https:\\\/\\\/mangiamoibiza.com\\\/producto\\\/mezze-maniche-igp-liguori-500gr\\\/#primaryimage\",\"url\":\"https:\\\/\\\/mangiamoibiza.com\\\/wp-content\\\/uploads\\\/Captura-de-pantalla-11-e1752766875820.png\",\"contentUrl\":\"https:\\\/\\\/mangiamoibiza.com\\\/wp-content\\\/uploads\\\/Captura-de-pantalla-11-e1752766875820.png\",\"width\":355,\"height\":510},{\"@type\":\"BreadcrumbList\",\"@id\":\"https:\\\/\\\/mangiamoibiza.com\\\/producto\\\/mezze-maniche-igp-liguori-500gr\\\/#breadcrumb\",\"itemListElement\":[{\"@type\":\"ListItem\",\"position\":1,\"name\":\"Home\",\"item\":\"https:\\\/\\\/mangiamoibiza.com\\\/en\\\/\"},{\"@type\":\"ListItem\",\"position\":2,\"name\":\"Tienda\",\"item\":\"https:\\\/\\\/mangiamoibiza.com\\\/tienda\\\/\"},{\"@type\":\"ListItem\",\"position\":3,\"name\":\"Mezze maniche IGP Liguori 500gr\"}]},{\"@type\":\"WebSite\",\"@id\":\"https:\\\/\\\/mangiamoibiza.com\\\/#website\",\"url\":\"https:\\\/\\\/mangiamoibiza.com\\\/\",\"name\":\"Mangiamo Ibiza\",\"description\":\"\",\"publisher\":{\"@id\":\"https:\\\/\\\/mangiamoibiza.com\\\/#organization\"},\"potentialAction\":[{\"@type\":\"SearchAction\",\"target\":{\"@type\":\"EntryPoint\",\"urlTemplate\":\"https:\\\/\\\/mangiamoibiza.com\\\/?s={search_term_string}\"},\"query-input\":{\"@type\":\"PropertyValueSpecification\",\"valueRequired\":true,\"valueName\":\"search_term_string\"}}],\"inLanguage\":\"en-US\"},{\"@type\":\"Organization\",\"@id\":\"https:\\\/\\\/mangiamoibiza.com\\\/#organization\",\"name\":\"Mangiamo Ibiza\",\"url\":\"https:\\\/\\\/mangiamoibiza.com\\\/\",\"logo\":{\"@type\":\"ImageObject\",\"inLanguage\":\"en-US\",\"@id\":\"https:\\\/\\\/mangiamoibiza.com\\\/#\\\/schema\\\/logo\\\/image\\\/\",\"url\":\"https:\\\/\\\/mangiamoibiza.com\\\/wp-content\\\/uploads\\\/Mangiamo.png\",\"contentUrl\":\"https:\\\/\\\/mangiamoibiza.com\\\/wp-content\\\/uploads\\\/Mangiamo.png\",\"width\":3029,\"height\":467,\"caption\":\"Mangiamo Ibiza\"},\"image\":{\"@id\":\"https:\\\/\\\/mangiamoibiza.com\\\/#\\\/schema\\\/logo\\\/image\\\/\"}}]}<\/script>\n<!-- \/ Yoast SEO plugin. -->","yoast_head_json":{"title":"Mezze maniche IGP Liguori 500gr - Mangiamo Ibiza","robots":{"index":"index","follow":"follow","max-snippet":"max-snippet:-1","max-image-preview":"max-image-preview:large","max-video-preview":"max-video-preview:-1"},"canonical":"https:\/\/mangiamoibiza.com\/producto\/mezze-maniche-igp-liguori-500gr\/","og_locale":"en_US","og_type":"article","og_title":"Mezze maniche IGP Liguori 500gr - Mangiamo Ibiza","og_description":"Pasta corta de s\u00e9mola de trigo Gragnano IGP. Producida con moldes de bronce que le aportan rugosidad, lo que permite retener m\u00e1s cantidad de salsa. Contiene un alto porcentaje de prote\u00edna y, en consecuencia, la pasta aguanta mucho mejor la cocci\u00f3n y el punto dente. El proceso de secado es muy lento, por ello se [&hellip;]","og_url":"https:\/\/mangiamoibiza.com\/producto\/mezze-maniche-igp-liguori-500gr\/","og_site_name":"Mangiamo Ibiza","og_image":[{"width":355,"height":510,"url":"https:\/\/mangiamoibiza.com\/wp-content\/uploads\/Captura-de-pantalla-11-e1752766875820.png","type":"image\/png"}],"twitter_card":"summary_large_image","schema":{"@context":"https:\/\/schema.org","@graph":[{"@type":"WebPage","@id":"https:\/\/mangiamoibiza.com\/producto\/mezze-maniche-igp-liguori-500gr\/","url":"https:\/\/mangiamoibiza.com\/producto\/mezze-maniche-igp-liguori-500gr\/","name":"Mezze maniche IGP Liguori 500gr - Mangiamo Ibiza","isPartOf":{"@id":"https:\/\/mangiamoibiza.com\/#website"},"primaryImageOfPage":{"@id":"https:\/\/mangiamoibiza.com\/producto\/mezze-maniche-igp-liguori-500gr\/#primaryimage"},"image":{"@id":"https:\/\/mangiamoibiza.com\/producto\/mezze-maniche-igp-liguori-500gr\/#primaryimage"},"thumbnailUrl":"https:\/\/mangiamoibiza.com\/wp-content\/uploads\/Captura-de-pantalla-11-e1752766875820.png","datePublished":"2025-07-17T15:37:42+00:00","breadcrumb":{"@id":"https:\/\/mangiamoibiza.com\/producto\/mezze-maniche-igp-liguori-500gr\/#breadcrumb"},"inLanguage":"en-US","potentialAction":[{"@type":"ReadAction","target":["https:\/\/mangiamoibiza.com\/producto\/mezze-maniche-igp-liguori-500gr\/"]}]},{"@type":"ImageObject","inLanguage":"en-US","@id":"https:\/\/mangiamoibiza.com\/producto\/mezze-maniche-igp-liguori-500gr\/#primaryimage","url":"https:\/\/mangiamoibiza.com\/wp-content\/uploads\/Captura-de-pantalla-11-e1752766875820.png","contentUrl":"https:\/\/mangiamoibiza.com\/wp-content\/uploads\/Captura-de-pantalla-11-e1752766875820.png","width":355,"height":510},{"@type":"BreadcrumbList","@id":"https:\/\/mangiamoibiza.com\/producto\/mezze-maniche-igp-liguori-500gr\/#breadcrumb","itemListElement":[{"@type":"ListItem","position":1,"name":"Home","item":"https:\/\/mangiamoibiza.com\/en\/"},{"@type":"ListItem","position":2,"name":"Tienda","item":"https:\/\/mangiamoibiza.com\/tienda\/"},{"@type":"ListItem","position":3,"name":"Mezze maniche IGP Liguori 500gr"}]},{"@type":"WebSite","@id":"https:\/\/mangiamoibiza.com\/#website","url":"https:\/\/mangiamoibiza.com\/","name":"Mangiamo Ibiza","description":"","publisher":{"@id":"https:\/\/mangiamoibiza.com\/#organization"},"potentialAction":[{"@type":"SearchAction","target":{"@type":"EntryPoint","urlTemplate":"https:\/\/mangiamoibiza.com\/?s={search_term_string}"},"query-input":{"@type":"PropertyValueSpecification","valueRequired":true,"valueName":"search_term_string"}}],"inLanguage":"en-US"},{"@type":"Organization","@id":"https:\/\/mangiamoibiza.com\/#organization","name":"Mangiamo Ibiza","url":"https:\/\/mangiamoibiza.com\/","logo":{"@type":"ImageObject","inLanguage":"en-US","@id":"https:\/\/mangiamoibiza.com\/#\/schema\/logo\/image\/","url":"https:\/\/mangiamoibiza.com\/wp-content\/uploads\/Mangiamo.png","contentUrl":"https:\/\/mangiamoibiza.com\/wp-content\/uploads\/Mangiamo.png","width":3029,"height":467,"caption":"Mangiamo Ibiza"},"image":{"@id":"https:\/\/mangiamoibiza.com\/#\/schema\/logo\/image\/"}}]}},"_links":{"self":[{"href":"https:\/\/mangiamoibiza.com\/en\/wp-json\/wp\/v2\/product\/4536","targetHints":{"allow":["GET"]}}],"collection":[{"href":"https:\/\/mangiamoibiza.com\/en\/wp-json\/wp\/v2\/product"}],"about":[{"href":"https:\/\/mangiamoibiza.com\/en\/wp-json\/wp\/v2\/types\/product"}],"wp:featuredmedia":[{"embeddable":true,"href":"https:\/\/mangiamoibiza.com\/en\/wp-json\/wp\/v2\/media\/4535"}],"wp:attachment":[{"href":"https:\/\/mangiamoibiza.com\/en\/wp-json\/wp\/v2\/media?parent=4536"}],"wp:term":[{"taxonomy":"food-allergen-taxonomy","embeddable":true,"href":"https:\/\/mangiamoibiza.com\/en\/wp-json\/wp\/v2\/food-allergen-taxonomy?post=4536"},{"taxonomy":"product_brand","embeddable":true,"href":"https:\/\/mangiamoibiza.com\/en\/wp-json\/wp\/v2\/product_brand?post=4536"},{"taxonomy":"product_cat","embeddable":true,"href":"https:\/\/mangiamoibiza.com\/en\/wp-json\/wp\/v2\/product_cat?post=4536"},{"taxonomy":"product_tag","embeddable":true,"href":"https:\/\/mangiamoibiza.com\/en\/wp-json\/wp\/v2\/product_tag?post=4536"}],"curies":[{"name":"wp","href":"https:\/\/api.w.org\/{rel}","templated":true}]}}