{"id":4163,"date":"2025-02-28T16:33:37","date_gmt":"2025-02-28T16:33:37","guid":{"rendered":"https:\/\/mangiamoibiza.com\/producto\/berlucchi-61-franciacorta-brut-docg-750ml\/"},"modified":"2025-02-28T16:33:37","modified_gmt":"2025-02-28T16:33:37","slug":"berlucchi-61-franciacorta-brut-docg-750ml","status":"publish","type":"product","link":"https:\/\/mangiamoibiza.com\/en\/producto\/berlucchi-61-franciacorta-brut-docg-750ml\/","title":{"rendered":"Berlucchi 61 Franciacorta Brut DOCG 750ml"},"content":{"rendered":"<p>El perlaje es sutil, continuo; su color, amarillo pajizo intenso. La nariz es sorprendentemente abigarrada, da toques de fruta tropical amarilla madura que, en progresi\u00f3n, se concentra para evolucionar en notas de c\u00edtricos confitados. En boca revela un sabor \u00e1cido, salado y con una estructura agradablemente armoniosa<\/p>\n","protected":false},"excerpt":{"rendered":"<p>El perlaje es sutil, continuo; su color, amarillo pajizo intenso. La nariz es sorprendentemente abigarrada, da toques de fruta tropical amarilla madura que, en progresi\u00f3n, se concentra para evolucionar en notas de c\u00edtricos confitados. En boca revela un sabor \u00e1cido, salado y con una estructura agradablemente armoniosa<\/p>\n","protected":false},"featured_media":3405,"template":"","meta":{"_acf_changed":false},"food-allergen-taxonomy":[99],"product_brand":[],"product_cat":[152],"product_tag":[],"class_list":{"0":"post-4163","1":"product","2":"type-product","3":"status-publish","4":"has-post-thumbnail","6":"food-allergen-taxonomy-sulphites","7":"product_cat-sparkling","9":"first","10":"instock","11":"taxable","12":"shipping-taxable","13":"purchasable","14":"product-type-simple"},"acf":[],"yoast_head":"<!-- This site is optimized with the Yoast SEO plugin v27.4 - https:\/\/yoast.com\/product\/yoast-seo-wordpress\/ -->\n<title>Berlucchi 61 Franciacorta Brut DOCG 750ml - Mangiamo Ibiza<\/title>\n<meta name=\"robots\" content=\"index, follow, max-snippet:-1, max-image-preview:large, max-video-preview:-1\" \/>\n<link rel=\"canonical\" href=\"https:\/\/mangiamoibiza.com\/producto\/berlucchi-61-franciacorta-brut-docg-750ml\/\" \/>\n<meta property=\"og:locale\" content=\"en_US\" \/>\n<meta property=\"og:type\" content=\"article\" \/>\n<meta property=\"og:title\" content=\"Berlucchi 61 Franciacorta Brut DOCG 750ml - Mangiamo Ibiza\" \/>\n<meta property=\"og:description\" content=\"El perlaje es sutil, continuo; su color, amarillo pajizo intenso. La nariz es sorprendentemente abigarrada, da toques de fruta tropical amarilla madura que, en progresi\u00f3n, se concentra para evolucionar en notas de c\u00edtricos confitados. En boca revela un sabor \u00e1cido, salado y con una estructura agradablemente armoniosa\" \/>\n<meta property=\"og:url\" content=\"https:\/\/mangiamoibiza.com\/producto\/berlucchi-61-franciacorta-brut-docg-750ml\/\" \/>\n<meta property=\"og:site_name\" content=\"Mangiamo Ibiza\" \/>\n<meta property=\"og:image\" content=\"https:\/\/mangiamoibiza.com\/wp-content\/uploads\/BERLUCCHI-61-FRANCIACORTA-BRUT-DOCG.webp\" \/>\n\t<meta property=\"og:image:width\" content=\"504\" \/>\n\t<meta property=\"og:image:height\" content=\"800\" \/>\n\t<meta property=\"og:image:type\" content=\"image\/webp\" \/>\n<meta name=\"twitter:card\" content=\"summary_large_image\" \/>\n<script type=\"application\/ld+json\" class=\"yoast-schema-graph\">{\"@context\":\"https:\\\/\\\/schema.org\",\"@graph\":[{\"@type\":\"WebPage\",\"@id\":\"https:\\\/\\\/mangiamoibiza.com\\\/producto\\\/berlucchi-61-franciacorta-brut-docg-750ml\\\/\",\"url\":\"https:\\\/\\\/mangiamoibiza.com\\\/producto\\\/berlucchi-61-franciacorta-brut-docg-750ml\\\/\",\"name\":\"Berlucchi 61 Franciacorta Brut DOCG 750ml - Mangiamo Ibiza\",\"isPartOf\":{\"@id\":\"https:\\\/\\\/mangiamoibiza.com\\\/#website\"},\"primaryImageOfPage\":{\"@id\":\"https:\\\/\\\/mangiamoibiza.com\\\/producto\\\/berlucchi-61-franciacorta-brut-docg-750ml\\\/#primaryimage\"},\"image\":{\"@id\":\"https:\\\/\\\/mangiamoibiza.com\\\/producto\\\/berlucchi-61-franciacorta-brut-docg-750ml\\\/#primaryimage\"},\"thumbnailUrl\":\"https:\\\/\\\/mangiamoibiza.com\\\/wp-content\\\/uploads\\\/BERLUCCHI-61-FRANCIACORTA-BRUT-DOCG.webp\",\"datePublished\":\"2025-02-28T16:33:37+00:00\",\"breadcrumb\":{\"@id\":\"https:\\\/\\\/mangiamoibiza.com\\\/producto\\\/berlucchi-61-franciacorta-brut-docg-750ml\\\/#breadcrumb\"},\"inLanguage\":\"en-US\",\"potentialAction\":[{\"@type\":\"ReadAction\",\"target\":[\"https:\\\/\\\/mangiamoibiza.com\\\/producto\\\/berlucchi-61-franciacorta-brut-docg-750ml\\\/\"]}]},{\"@type\":\"ImageObject\",\"inLanguage\":\"en-US\",\"@id\":\"https:\\\/\\\/mangiamoibiza.com\\\/producto\\\/berlucchi-61-franciacorta-brut-docg-750ml\\\/#primaryimage\",\"url\":\"https:\\\/\\\/mangiamoibiza.com\\\/wp-content\\\/uploads\\\/BERLUCCHI-61-FRANCIACORTA-BRUT-DOCG.webp\",\"contentUrl\":\"https:\\\/\\\/mangiamoibiza.com\\\/wp-content\\\/uploads\\\/BERLUCCHI-61-FRANCIACORTA-BRUT-DOCG.webp\",\"width\":504,\"height\":800},{\"@type\":\"BreadcrumbList\",\"@id\":\"https:\\\/\\\/mangiamoibiza.com\\\/producto\\\/berlucchi-61-franciacorta-brut-docg-750ml\\\/#breadcrumb\",\"itemListElement\":[{\"@type\":\"ListItem\",\"position\":1,\"name\":\"Home\",\"item\":\"https:\\\/\\\/mangiamoibiza.com\\\/en\\\/\"},{\"@type\":\"ListItem\",\"position\":2,\"name\":\"Tienda\",\"item\":\"https:\\\/\\\/mangiamoibiza.com\\\/tienda\\\/\"},{\"@type\":\"ListItem\",\"position\":3,\"name\":\"Berlucchi 61 Franciacorta Brut DOCG 750ml\"}]},{\"@type\":\"WebSite\",\"@id\":\"https:\\\/\\\/mangiamoibiza.com\\\/#website\",\"url\":\"https:\\\/\\\/mangiamoibiza.com\\\/\",\"name\":\"Mangiamo Ibiza\",\"description\":\"\",\"publisher\":{\"@id\":\"https:\\\/\\\/mangiamoibiza.com\\\/#organization\"},\"potentialAction\":[{\"@type\":\"SearchAction\",\"target\":{\"@type\":\"EntryPoint\",\"urlTemplate\":\"https:\\\/\\\/mangiamoibiza.com\\\/?s={search_term_string}\"},\"query-input\":{\"@type\":\"PropertyValueSpecification\",\"valueRequired\":true,\"valueName\":\"search_term_string\"}}],\"inLanguage\":\"en-US\"},{\"@type\":\"Organization\",\"@id\":\"https:\\\/\\\/mangiamoibiza.com\\\/#organization\",\"name\":\"Mangiamo Ibiza\",\"url\":\"https:\\\/\\\/mangiamoibiza.com\\\/\",\"logo\":{\"@type\":\"ImageObject\",\"inLanguage\":\"en-US\",\"@id\":\"https:\\\/\\\/mangiamoibiza.com\\\/#\\\/schema\\\/logo\\\/image\\\/\",\"url\":\"https:\\\/\\\/mangiamoibiza.com\\\/wp-content\\\/uploads\\\/Mangiamo.png\",\"contentUrl\":\"https:\\\/\\\/mangiamoibiza.com\\\/wp-content\\\/uploads\\\/Mangiamo.png\",\"width\":3029,\"height\":467,\"caption\":\"Mangiamo Ibiza\"},\"image\":{\"@id\":\"https:\\\/\\\/mangiamoibiza.com\\\/#\\\/schema\\\/logo\\\/image\\\/\"}}]}<\/script>\n<!-- \/ Yoast SEO plugin. -->","yoast_head_json":{"title":"Berlucchi 61 Franciacorta Brut DOCG 750ml - Mangiamo Ibiza","robots":{"index":"index","follow":"follow","max-snippet":"max-snippet:-1","max-image-preview":"max-image-preview:large","max-video-preview":"max-video-preview:-1"},"canonical":"https:\/\/mangiamoibiza.com\/producto\/berlucchi-61-franciacorta-brut-docg-750ml\/","og_locale":"en_US","og_type":"article","og_title":"Berlucchi 61 Franciacorta Brut DOCG 750ml - Mangiamo Ibiza","og_description":"El perlaje es sutil, continuo; su color, amarillo pajizo intenso. La nariz es sorprendentemente abigarrada, da toques de fruta tropical amarilla madura que, en progresi\u00f3n, se concentra para evolucionar en notas de c\u00edtricos confitados. En boca revela un sabor \u00e1cido, salado y con una estructura agradablemente armoniosa","og_url":"https:\/\/mangiamoibiza.com\/producto\/berlucchi-61-franciacorta-brut-docg-750ml\/","og_site_name":"Mangiamo Ibiza","og_image":[{"width":504,"height":800,"url":"https:\/\/mangiamoibiza.com\/wp-content\/uploads\/BERLUCCHI-61-FRANCIACORTA-BRUT-DOCG.webp","type":"image\/webp"}],"twitter_card":"summary_large_image","schema":{"@context":"https:\/\/schema.org","@graph":[{"@type":"WebPage","@id":"https:\/\/mangiamoibiza.com\/producto\/berlucchi-61-franciacorta-brut-docg-750ml\/","url":"https:\/\/mangiamoibiza.com\/producto\/berlucchi-61-franciacorta-brut-docg-750ml\/","name":"Berlucchi 61 Franciacorta Brut DOCG 750ml - Mangiamo Ibiza","isPartOf":{"@id":"https:\/\/mangiamoibiza.com\/#website"},"primaryImageOfPage":{"@id":"https:\/\/mangiamoibiza.com\/producto\/berlucchi-61-franciacorta-brut-docg-750ml\/#primaryimage"},"image":{"@id":"https:\/\/mangiamoibiza.com\/producto\/berlucchi-61-franciacorta-brut-docg-750ml\/#primaryimage"},"thumbnailUrl":"https:\/\/mangiamoibiza.com\/wp-content\/uploads\/BERLUCCHI-61-FRANCIACORTA-BRUT-DOCG.webp","datePublished":"2025-02-28T16:33:37+00:00","breadcrumb":{"@id":"https:\/\/mangiamoibiza.com\/producto\/berlucchi-61-franciacorta-brut-docg-750ml\/#breadcrumb"},"inLanguage":"en-US","potentialAction":[{"@type":"ReadAction","target":["https:\/\/mangiamoibiza.com\/producto\/berlucchi-61-franciacorta-brut-docg-750ml\/"]}]},{"@type":"ImageObject","inLanguage":"en-US","@id":"https:\/\/mangiamoibiza.com\/producto\/berlucchi-61-franciacorta-brut-docg-750ml\/#primaryimage","url":"https:\/\/mangiamoibiza.com\/wp-content\/uploads\/BERLUCCHI-61-FRANCIACORTA-BRUT-DOCG.webp","contentUrl":"https:\/\/mangiamoibiza.com\/wp-content\/uploads\/BERLUCCHI-61-FRANCIACORTA-BRUT-DOCG.webp","width":504,"height":800},{"@type":"BreadcrumbList","@id":"https:\/\/mangiamoibiza.com\/producto\/berlucchi-61-franciacorta-brut-docg-750ml\/#breadcrumb","itemListElement":[{"@type":"ListItem","position":1,"name":"Home","item":"https:\/\/mangiamoibiza.com\/en\/"},{"@type":"ListItem","position":2,"name":"Tienda","item":"https:\/\/mangiamoibiza.com\/tienda\/"},{"@type":"ListItem","position":3,"name":"Berlucchi 61 Franciacorta Brut DOCG 750ml"}]},{"@type":"WebSite","@id":"https:\/\/mangiamoibiza.com\/#website","url":"https:\/\/mangiamoibiza.com\/","name":"Mangiamo Ibiza","description":"","publisher":{"@id":"https:\/\/mangiamoibiza.com\/#organization"},"potentialAction":[{"@type":"SearchAction","target":{"@type":"EntryPoint","urlTemplate":"https:\/\/mangiamoibiza.com\/?s={search_term_string}"},"query-input":{"@type":"PropertyValueSpecification","valueRequired":true,"valueName":"search_term_string"}}],"inLanguage":"en-US"},{"@type":"Organization","@id":"https:\/\/mangiamoibiza.com\/#organization","name":"Mangiamo Ibiza","url":"https:\/\/mangiamoibiza.com\/","logo":{"@type":"ImageObject","inLanguage":"en-US","@id":"https:\/\/mangiamoibiza.com\/#\/schema\/logo\/image\/","url":"https:\/\/mangiamoibiza.com\/wp-content\/uploads\/Mangiamo.png","contentUrl":"https:\/\/mangiamoibiza.com\/wp-content\/uploads\/Mangiamo.png","width":3029,"height":467,"caption":"Mangiamo Ibiza"},"image":{"@id":"https:\/\/mangiamoibiza.com\/#\/schema\/logo\/image\/"}}]}},"_links":{"self":[{"href":"https:\/\/mangiamoibiza.com\/en\/wp-json\/wp\/v2\/product\/4163","targetHints":{"allow":["GET"]}}],"collection":[{"href":"https:\/\/mangiamoibiza.com\/en\/wp-json\/wp\/v2\/product"}],"about":[{"href":"https:\/\/mangiamoibiza.com\/en\/wp-json\/wp\/v2\/types\/product"}],"wp:featuredmedia":[{"embeddable":true,"href":"https:\/\/mangiamoibiza.com\/en\/wp-json\/wp\/v2\/media\/3405"}],"wp:attachment":[{"href":"https:\/\/mangiamoibiza.com\/en\/wp-json\/wp\/v2\/media?parent=4163"}],"wp:term":[{"taxonomy":"food-allergen-taxonomy","embeddable":true,"href":"https:\/\/mangiamoibiza.com\/en\/wp-json\/wp\/v2\/food-allergen-taxonomy?post=4163"},{"taxonomy":"product_brand","embeddable":true,"href":"https:\/\/mangiamoibiza.com\/en\/wp-json\/wp\/v2\/product_brand?post=4163"},{"taxonomy":"product_cat","embeddable":true,"href":"https:\/\/mangiamoibiza.com\/en\/wp-json\/wp\/v2\/product_cat?post=4163"},{"taxonomy":"product_tag","embeddable":true,"href":"https:\/\/mangiamoibiza.com\/en\/wp-json\/wp\/v2\/product_tag?post=4163"}],"curies":[{"name":"wp","href":"https:\/\/api.w.org\/{rel}","templated":true}]}}